{"id":16,"date":"2018-02-03T16:07:50","date_gmt":"2018-02-03T15:07:50","guid":{"rendered":"http:\/\/www.cabinet-gillot.fr\/?page_id=16"},"modified":"2022-12-20T16:38:44","modified_gmt":"2022-12-20T15:38:44","slug":"accueil","status":"publish","type":"page","link":"http:\/\/www.cabinet-gillot.fr\/","title":{"rendered":"Accueil"},"content":{"rendered":"<p>Bienvenue sur le site Internet du Cabinet Gillot ! Le Cabinet Gillot est un cabinet sp\u00e9cialis\u00e9 dans les missions d&rsquo;expertise comptable et de commissariat aux comptes. Bas\u00e9s \u00e0 Reims, nous intervenons dans des soci\u00e9t\u00e9s et associations de la France enti\u00e8re afin de vous faire profiter de nos comp\u00e9tences en mati\u00e8re d&rsquo;audit et de comptabilit\u00e9.<\/p>\n","protected":false},"excerpt":{"rendered":"<p>Bienvenue sur le site Internet du Cabinet Gillot ! Le Cabinet Gillot est un cabinet sp\u00e9cialis\u00e9 dans les missions d&rsquo;expertise comptable et de commissariat aux comptes. Bas\u00e9s \u00e0 Reims, nous intervenons dans des soci\u00e9t\u00e9s et associations de la France enti\u00e8re afin de vous faire profiter de nos comp\u00e9tences en mati\u00e8re [&hellip;]<\/p>\n","protected":false},"author":1,"featured_media":58,"parent":0,"menu_order":0,"comment_status":"closed","ping_status":"closed","template":"","meta":[],"_links":{"self":[{"href":"http:\/\/www.cabinet-gillot.fr\/index.php\/wp-json\/wp\/v2\/pages\/16"}],"collection":[{"href":"http:\/\/www.cabinet-gillot.fr\/index.php\/wp-json\/wp\/v2\/pages"}],"about":[{"href":"http:\/\/www.cabinet-gillot.fr\/index.php\/wp-json\/wp\/v2\/types\/page"}],"author":[{"embeddable":true,"href":"http:\/\/www.cabinet-gillot.fr\/index.php\/wp-json\/wp\/v2\/users\/1"}],"replies":[{"embeddable":true,"href":"http:\/\/www.cabinet-gillot.fr\/index.php\/wp-json\/wp\/v2\/comments?post=16"}],"version-history":[{"count":11,"href":"http:\/\/www.cabinet-gillot.fr\/index.php\/wp-json\/wp\/v2\/pages\/16\/revisions"}],"predecessor-version":[{"id":2486,"href":"http:\/\/www.cabinet-gillot.fr\/index.php\/wp-json\/wp\/v2\/pages\/16\/revisions\/2486"}],"wp:featuredmedia":[{"embeddable":true,"href":"http:\/\/www.cabinet-gillot.fr\/index.php\/wp-json\/wp\/v2\/media\/58"}],"wp:attachment":[{"href":"http:\/\/www.cabinet-gillot.fr\/index.php\/wp-json\/wp\/v2\/media?parent=16"}],"curies":[{"name":"wp","href":"https:\/\/api.w.org\/{rel}","templated":true}]}}