{"id":17,"date":"2018-02-03T16:07:50","date_gmt":"2018-02-03T15:07:50","guid":{"rendered":"http:\/\/www.cabinet-gillot.fr\/?page_id=17"},"modified":"2020-03-16T13:59:03","modified_gmt":"2020-03-16T12:59:03","slug":"a-propos-de","status":"publish","type":"page","link":"http:\/\/www.cabinet-gillot.fr\/index.php\/a-propos-de\/","title":{"rendered":"\u00c0 la recherche d&rsquo;un CAC ?"},"content":{"rendered":"<p>Vous \u00eates une entreprise \u00e0 la recherche d&rsquo;un commissaire aux comptes ? Contactez-nous d\u00e8s \u00e0 pr\u00e9sent ; nous vous expliquerons en d\u00e9tail nos missions et \u00e9tablirons pour vous une proposition d&rsquo;honoraires personnalis\u00e9e.<\/p>\n","protected":false},"excerpt":{"rendered":"<p>Vous \u00eates une entreprise \u00e0 la recherche d&rsquo;un commissaire aux comptes ? Contactez-nous d\u00e8s \u00e0 pr\u00e9sent ; nous vous expliquerons en d\u00e9tail nos missions et \u00e9tablirons pour vous une proposition d&rsquo;honoraires personnalis\u00e9e.<\/p>\n","protected":false},"author":1,"featured_media":57,"parent":0,"menu_order":0,"comment_status":"closed","ping_status":"closed","template":"","meta":[],"_links":{"self":[{"href":"http:\/\/www.cabinet-gillot.fr\/index.php\/wp-json\/wp\/v2\/pages\/17"}],"collection":[{"href":"http:\/\/www.cabinet-gillot.fr\/index.php\/wp-json\/wp\/v2\/pages"}],"about":[{"href":"http:\/\/www.cabinet-gillot.fr\/index.php\/wp-json\/wp\/v2\/types\/page"}],"author":[{"embeddable":true,"href":"http:\/\/www.cabinet-gillot.fr\/index.php\/wp-json\/wp\/v2\/users\/1"}],"replies":[{"embeddable":true,"href":"http:\/\/www.cabinet-gillot.fr\/index.php\/wp-json\/wp\/v2\/comments?post=17"}],"version-history":[{"count":5,"href":"http:\/\/www.cabinet-gillot.fr\/index.php\/wp-json\/wp\/v2\/pages\/17\/revisions"}],"predecessor-version":[{"id":1259,"href":"http:\/\/www.cabinet-gillot.fr\/index.php\/wp-json\/wp\/v2\/pages\/17\/revisions\/1259"}],"wp:featuredmedia":[{"embeddable":true,"href":"http:\/\/www.cabinet-gillot.fr\/index.php\/wp-json\/wp\/v2\/media\/57"}],"wp:attachment":[{"href":"http:\/\/www.cabinet-gillot.fr\/index.php\/wp-json\/wp\/v2\/media?parent=17"}],"curies":[{"name":"wp","href":"https:\/\/api.w.org\/{rel}","templated":true}]}}