{"id":19,"date":"2018-02-03T16:07:50","date_gmt":"2018-02-03T15:07:50","guid":{"rendered":"http:\/\/www.cabinet-gillot.fr\/?page_id=19"},"modified":"2020-03-16T10:29:19","modified_gmt":"2020-03-16T09:29:19","slug":"blog","status":"publish","type":"page","link":"http:\/\/www.cabinet-gillot.fr\/index.php\/blog\/","title":{"rendered":"Qu&rsquo;est-ce que le commissariat aux comptes ?"},"content":{"rendered":"<h4 class=\"spip\"><strong>Mission g\u00e9n\u00e9rale<\/strong><\/h4>\n<p>La mission principale du commissaire aux comptes est d\u2019\u00e9mettre une opinion sur la r\u00e9gularit\u00e9 et la sinc\u00e9rit\u00e9 des comptes annuels et consolid\u00e9s, mais \u00e9galement de v\u00e9rifier la sinc\u00e9rit\u00e9 et la concordance avec les comptes annuels des informations financi\u00e8res. Le commissaire aux comptes pr\u00e9vient \u00e9galement des difficult\u00e9s de l\u2019entreprise dans le cas de la proc\u00e9dure d\u2019alerte. L\u2019\u00e9mission d\u2019attestations sp\u00e9cifiques fait \u00e9galement partie int\u00e9grante du m\u00e9tier de commissaire aux comptes.<\/p>\n<h4 class=\"spip\"><strong>Missions ponctuelles<\/strong><\/h4>\n<p>Nous vous proposons d\u2019effectuer des missions sp\u00e9cifiques d\u2019attestation des comptes interm\u00e9diaires avant une demande d\u2019emprunt ou d&rsquo;investissement, mais \u00e9galement de certification pour l\u2019obtention de subventions. Nous sommes \u00e9galement pr\u00e9sents sur le march\u00e9 des audits d\u2019acquisition dans le cadre de rachats d\u2019entreprises ou d\u2019apports.<\/p>\n","protected":false},"excerpt":{"rendered":"<p>Mission g\u00e9n\u00e9rale La mission principale du commissaire aux comptes est d\u2019\u00e9mettre une opinion sur la r\u00e9gularit\u00e9 et la sinc\u00e9rit\u00e9 des comptes annuels et consolid\u00e9s, mais \u00e9galement de v\u00e9rifier la sinc\u00e9rit\u00e9 et la concordance avec les comptes annuels des informations financi\u00e8res. Le commissaire aux comptes pr\u00e9vient \u00e9galement des difficult\u00e9s de l\u2019entreprise [&hellip;]<\/p>\n","protected":false},"author":1,"featured_media":15,"parent":0,"menu_order":0,"comment_status":"closed","ping_status":"closed","template":"","meta":[],"_links":{"self":[{"href":"http:\/\/www.cabinet-gillot.fr\/index.php\/wp-json\/wp\/v2\/pages\/19"}],"collection":[{"href":"http:\/\/www.cabinet-gillot.fr\/index.php\/wp-json\/wp\/v2\/pages"}],"about":[{"href":"http:\/\/www.cabinet-gillot.fr\/index.php\/wp-json\/wp\/v2\/types\/page"}],"author":[{"embeddable":true,"href":"http:\/\/www.cabinet-gillot.fr\/index.php\/wp-json\/wp\/v2\/users\/1"}],"replies":[{"embeddable":true,"href":"http:\/\/www.cabinet-gillot.fr\/index.php\/wp-json\/wp\/v2\/comments?post=19"}],"version-history":[{"count":4,"href":"http:\/\/www.cabinet-gillot.fr\/index.php\/wp-json\/wp\/v2\/pages\/19\/revisions"}],"predecessor-version":[{"id":1256,"href":"http:\/\/www.cabinet-gillot.fr\/index.php\/wp-json\/wp\/v2\/pages\/19\/revisions\/1256"}],"wp:featuredmedia":[{"embeddable":true,"href":"http:\/\/www.cabinet-gillot.fr\/index.php\/wp-json\/wp\/v2\/media\/15"}],"wp:attachment":[{"href":"http:\/\/www.cabinet-gillot.fr\/index.php\/wp-json\/wp\/v2\/media?parent=19"}],"curies":[{"name":"wp","href":"https:\/\/api.w.org\/{rel}","templated":true}]}}