{"id":20,"date":"2018-02-03T16:07:50","date_gmt":"2018-02-03T15:07:50","guid":{"rendered":"http:\/\/www.cabinet-gillot.fr\/?page_id=20"},"modified":"2022-12-20T16:33:28","modified_gmt":"2022-12-20T15:33:28","slug":"une-section-de-page-daccueil","status":"publish","type":"page","link":"http:\/\/www.cabinet-gillot.fr\/index.php\/une-section-de-page-daccueil\/","title":{"rendered":"Nos missions"},"content":{"rendered":"<p><strong>Le Cabinet Gillot est un cabinet sp\u00e9cialis\u00e9 dans les missions d&rsquo;expertise comptable et de commissariat aux comptes.<\/strong><\/p>\n<h2>L&rsquo;expertise comptable<\/h2>\n<h4>Missions comptables<\/h4>\n<p><span>La mise en place d\u2019une comptabilit\u00e9 adapt\u00e9e \u00e0 l\u2019entreprise, la tenue ou la surveillance de la comptabilit\u00e9, l\u2019externalisation de la fonction administrative et comptable, l\u2019\u00e9tablissement de situation interm\u00e9diaire, la r\u00e9vision des comptabilit\u00e9s informatis\u00e9es\u00a0: respect des r\u00e8gles comptables et de gestion, s\u00e9curit\u00e9 des syst\u00e8mes informatiques, archivage, capacit\u00e9 d\u2019\u00e9volution, l\u2019\u00e9laboration des comptes annuels, l\u2019\u00e9laboration de budgets pr\u00e9visionnels, le calcul des co\u00fbts de revient, la mise en place d\u2019une comptabilit\u00e9 analytique.<\/span><\/p>\n<h4 class=\"spip\">Missions sociales<\/h4>\n<p>V\u00e9rification des variables de paie, \u00e9tablissement des bulletins de salaire, \u00e9tablissement des d\u00e9clarations sociales p\u00e9riodiques li\u00e9es, fourniture des \u00e9critures comptables et tenue du journal des salaires, gestion administrative des \u00e9v\u00e8nements occasionnels.<\/p>\n<h4 class=\"spip\">Missions fiscales<\/h4>\n<p>Etablissement de toutes les d\u00e9clarations fiscales (D\u00e9clarations p\u00e9riodiques et annuelles de TVA, d\u00e9claration de la CET, d\u00e9claration annuelle des r\u00e9sultats,&#8230;), optimisation de la gestion fiscale, gestion fiscale de groupe, assistance en cas de contr\u00f4le.<\/p>\n<h4 class=\"spip\">Missions juridiques<\/h4>\n<p>Aide au choix de la forme juridique, assistance pour les formalit\u00e9s, pr\u00e9paration des op\u00e9rations de constitution, d\u2019augmentation de capital, de transmission\u2026<\/p>\n<h4 class=\"spip\">Missions de conseil<\/h4>\n<p>Etudes d\u2019opportunit\u00e9s et de besoins, adaptations des programmes, \u00e9laboration de cahier des charges, assistance au choix des logiciels de gestion, audit juridique, fiscal, social, organisationnel, audit des assurances de l\u2019entreprise, audit des comptes dans le cadre d\u2019une prise de participation, d\u2019un rachat d\u2019entreprise\u2026<\/p>\n<h2>Le commissariat aux comptes<\/h2>\n<p>Nous vous proposons d&rsquo;intervenir sur des missions d&rsquo;audit l\u00e9gal entra\u00eenant la certification de comptes, mais \u00e9galement sur des missions plus sp\u00e9cifiques telles que le commissariat \u00e0 la transformation ou encore le commissariat aux apports ou \u00e0 la fusion.<\/p>\n","protected":false},"excerpt":{"rendered":"<p>Le Cabinet Gillot est un cabinet sp\u00e9cialis\u00e9 dans les missions d&rsquo;expertise comptable et de commissariat aux comptes. L&rsquo;expertise comptable Missions comptables La mise en place d\u2019une comptabilit\u00e9 adapt\u00e9e \u00e0 l\u2019entreprise, la tenue ou la surveillance de la comptabilit\u00e9, l\u2019externalisation de la fonction administrative et comptable, l\u2019\u00e9tablissement de situation interm\u00e9diaire, la [&hellip;]<\/p>\n","protected":false},"author":1,"featured_media":13,"parent":0,"menu_order":0,"comment_status":"closed","ping_status":"closed","template":"","meta":[],"_links":{"self":[{"href":"http:\/\/www.cabinet-gillot.fr\/index.php\/wp-json\/wp\/v2\/pages\/20"}],"collection":[{"href":"http:\/\/www.cabinet-gillot.fr\/index.php\/wp-json\/wp\/v2\/pages"}],"about":[{"href":"http:\/\/www.cabinet-gillot.fr\/index.php\/wp-json\/wp\/v2\/types\/page"}],"author":[{"embeddable":true,"href":"http:\/\/www.cabinet-gillot.fr\/index.php\/wp-json\/wp\/v2\/users\/1"}],"replies":[{"embeddable":true,"href":"http:\/\/www.cabinet-gillot.fr\/index.php\/wp-json\/wp\/v2\/comments?post=20"}],"version-history":[{"count":12,"href":"http:\/\/www.cabinet-gillot.fr\/index.php\/wp-json\/wp\/v2\/pages\/20\/revisions"}],"predecessor-version":[{"id":2493,"href":"http:\/\/www.cabinet-gillot.fr\/index.php\/wp-json\/wp\/v2\/pages\/20\/revisions\/2493"}],"wp:featuredmedia":[{"embeddable":true,"href":"http:\/\/www.cabinet-gillot.fr\/index.php\/wp-json\/wp\/v2\/media\/13"}],"wp:attachment":[{"href":"http:\/\/www.cabinet-gillot.fr\/index.php\/wp-json\/wp\/v2\/media?parent=20"}],"curies":[{"name":"wp","href":"https:\/\/api.w.org\/{rel}","templated":true}]}}